{"id":421,"date":"2024-04-17T11:28:47","date_gmt":"2024-04-17T11:28:47","guid":{"rendered":"https:\/\/www.canalsoberano.com\/?page_id=421"},"modified":"2024-08-08T13:52:35","modified_gmt":"2024-08-08T13:52:35","slug":"cassino","status":"publish","type":"page","link":"https:\/\/www.canalsoberano.com\/?page_id=421","title":{"rendered":"Cassino"},"content":{"rendered":"\n<div class=\"wp-block-columns is-layout-flex wp-container-core-columns-is-layout-9d6595d7 wp-block-columns-is-layout-flex\">\n<div class=\"wp-block-column is-layout-flow wp-block-column-is-layout-flow\"><div class=\"wp-block-image\">\n<figure class=\"aligncenter size-full is-resized\"><a href=\"https:\/\/gml-grp.com\/C.ashx?btag=a_44743b_3151c_&amp;affid=9570&amp;siteid=44743&amp;adid=3151&amp;c=\" target=\"_blank\" rel=\"noreferrer noopener\"><img decoding=\"async\" src=\"https:\/\/www.canalmengao.com\/wp-content\/uploads\/2024\/05\/betano3New.png\" alt=\"\" class=\"wp-image-807\" style=\"width:213px;height:auto\"\/><\/a><\/figure>\n<\/div>\n\n\n<p class=\"has-text-align-center\">B\u00f4nus at\u00e9 R$1.000 + 200 RG<br><a href=\"https:\/\/gml-grp.com\/C.ashx?btag=a_44743b_3151c_&amp;affid=9570&amp;siteid=44743&amp;adid=3151&amp;c=\" target=\"_blank\" rel=\"noopener\" title=\"\">Saber mais<\/a><\/p>\n<\/div>\n\n\n\n<div class=\"wp-block-column is-layout-flow wp-block-column-is-layout-flow\"><div class=\"wp-block-image\">\n<figure class=\"aligncenter size-full is-resized\"><a href=\"https:\/\/record.winmaniacs.com\/_zBjKD3DeohUy-buqD6-phWNd7ZgqdRLk\/46\/\" target=\"_blank\" rel=\"noreferrer noopener\"><img decoding=\"async\" src=\"https:\/\/www.canalmengao.com\/wp-content\/uploads\/2024\/05\/wintopia2.jpg\" alt=\"\" class=\"wp-image-808\" style=\"width:214px;height:auto\"\/><\/a><\/figure>\n<\/div>\n\n\n<p class=\"has-text-align-center\">B\u00f4nus at\u00e9 R$3.500<br><a href=\"https:\/\/record.winmaniacs.com\/_zBjKD3DeohUy-buqD6-phWNd7ZgqdRLk\/46\/\" target=\"_blank\" rel=\"noopener\" title=\"\">Saber mais<\/a><\/p>\n<\/div>\n\n\n\n<div class=\"wp-block-column is-layout-flow wp-block-column-is-layout-flow\"><div class=\"wp-block-image\">\n<figure class=\"aligncenter size-full is-resized\"><a href=\"https:\/\/banners.dfbanners.com\/redirect.aspx?pid=71485&amp;bid=19396&amp;redirectURL=http:\/\/www.dafabet.com\/\" target=\"_blank\" rel=\"noreferrer noopener\"><img decoding=\"async\" src=\"https:\/\/www.canalmengao.com\/wp-content\/uploads\/2024\/05\/dafabet2.png\" alt=\"\" class=\"wp-image-809\" style=\"width:209px;height:auto\"\/><\/a><\/figure>\n<\/div>\n\n\n<p class=\"has-text-align-center\">B\u00f4nus at\u00e9 R$1.000<br><a href=\"https:\/\/banners.dfbanners.com\/redirect.aspx?pid=71485&amp;bid=19396&amp;redirectURL=http:\/\/www.dafabet.com\/\" target=\"_blank\" rel=\"noopener\" title=\"\">Saber mais<\/a><\/p>\n<\/div>\n<\/div>\n\n\n\n<div class=\"wp-block-columns is-layout-flex wp-container-core-columns-is-layout-9d6595d7 wp-block-columns-is-layout-flex\">\n<div class=\"wp-block-column is-layout-flow wp-block-column-is-layout-flow\"><div class=\"wp-block-image\">\n<figure class=\"aligncenter size-full is-resized\"><a href=\"https:\/\/go.campeonaffiliatesdirect.com\/visit\/?bta=36070&amp;brand=campeonbet&amp;utm_campaign=CSCassino\" target=\"_blank\" rel=\"noreferrer noopener\"><img decoding=\"async\" src=\"https:\/\/www.canalmengao.com\/wp-content\/uploads\/2024\/05\/campeonbet3.png\" alt=\"\" class=\"wp-image-810\" style=\"width:213px;height:auto\"\/><\/a><\/figure>\n<\/div>\n\n\n<p class=\"has-text-align-center\">140% at\u00e9 R$8.200<br><a href=\"https:\/\/go.campeonaffiliatesdirect.com\/visit\/?bta=36070&amp;brand=campeonbet&amp;utm_campaign=CSCassino\" target=\"_blank\" rel=\"noopener\" title=\"\">Saber mais<\/a><\/p>\n<\/div>\n\n\n\n<div class=\"wp-block-column is-layout-flow wp-block-column-is-layout-flow\"><div class=\"wp-block-image\">\n<figure class=\"aligncenter size-full is-resized\"><a href=\"https:\/\/record.winmaniacs.com\/_zBjKD3DeohVpygR5LC6y1WNd7ZgqdRLk\/63\/\" target=\"_blank\" rel=\"noreferrer noopener\"><img loading=\"lazy\" decoding=\"async\" width=\"219\" height=\"219\" src=\"https:\/\/www.canalsoberano.com\/wp-content\/uploads\/2024\/06\/allspings1.jpg\" alt=\"\" class=\"wp-image-503\" style=\"width:214px;height:auto\" srcset=\"https:\/\/www.canalsoberano.com\/wp-content\/uploads\/2024\/06\/allspings1.jpg 219w, https:\/\/www.canalsoberano.com\/wp-content\/uploads\/2024\/06\/allspings1-150x150.jpg 150w\" sizes=\"auto, (max-width: 219px) 100vw, 219px\" \/><\/a><\/figure>\n<\/div>\n\n\n<p class=\"has-text-align-center\">B\u00f4nus at\u00e9 R$6.500<br><a href=\"https:\/\/record.winmaniacs.com\/_zBjKD3DeohVpygR5LC6y1WNd7ZgqdRLk\/63\/\" target=\"_blank\" rel=\"noopener\" title=\"\">Saber mais<\/a><\/p>\n<\/div>\n\n\n\n<div class=\"wp-block-column is-layout-flow wp-block-column-is-layout-flow\"><div class=\"wp-block-image\">\n<figure class=\"aligncenter size-full is-resized\"><a href=\"https:\/\/refpa4293501.top\/L?tag=d_2791641m_1599c_Cassino&amp;site=2791641&amp;ad=1599&amp;r=Cassino\" target=\"_blank\" rel=\"noreferrer noopener\"><img decoding=\"async\" src=\"https:\/\/www.canalmengao.com\/wp-content\/uploads\/2024\/05\/1xbet1.jpg\" alt=\"\" class=\"wp-image-812\" style=\"width:209px;height:auto\"\/><\/a><\/figure>\n<\/div>\n\n\n<p class=\"has-text-align-center\">100% at\u00e9 R$9.500 + 150 FS<br><a href=\"https:\/\/refpa4293501.top\/L?tag=d_2791641m_1599c_Cassino&amp;site=2791641&amp;ad=1599&amp;r=Cassino\" target=\"_blank\" rel=\"noopener\" title=\"\">Saber mais<\/a><\/p>\n<\/div>\n<\/div>\n\n\n\n<div class=\"wp-block-columns is-layout-flex wp-container-core-columns-is-layout-9d6595d7 wp-block-columns-is-layout-flex\">\n<div class=\"wp-block-column is-layout-flow wp-block-column-is-layout-flow\"><div class=\"wp-block-image\">\n<figure class=\"aligncenter size-full is-resized\"><a href=\"https:\/\/grwptraq.com\/?serial=61302845&amp;creative_id=3172&amp;anid=CSCassino&amp;cid=CSCassino\" target=\"_blank\" rel=\"noreferrer noopener\"><img loading=\"lazy\" decoding=\"async\" width=\"1208\" height=\"1213\" src=\"https:\/\/www.canalsoberano.com\/wp-content\/uploads\/2024\/07\/parimatch2-1.jpg\" alt=\"\" class=\"wp-image-583\" style=\"width:213px;height:auto\" srcset=\"https:\/\/www.canalsoberano.com\/wp-content\/uploads\/2024\/07\/parimatch2-1.jpg 1208w, https:\/\/www.canalsoberano.com\/wp-content\/uploads\/2024\/07\/parimatch2-1-300x300.jpg 300w, https:\/\/www.canalsoberano.com\/wp-content\/uploads\/2024\/07\/parimatch2-1-1020x1024.jpg 1020w, https:\/\/www.canalsoberano.com\/wp-content\/uploads\/2024\/07\/parimatch2-1-150x150.jpg 150w, https:\/\/www.canalsoberano.com\/wp-content\/uploads\/2024\/07\/parimatch2-1-768x771.jpg 768w\" sizes=\"auto, (max-width: 1208px) 100vw, 1208px\" \/><\/a><\/figure>\n<\/div>\n\n\n<p class=\"has-text-align-center\">150% at\u00e9 R$7.500<\/p>\n\n\n\n<p class=\"has-text-align-center\"><a href=\"https:\/\/grwptraq.com\/?serial=61302845&amp;creative_id=3172&amp;anid=CSCassino&amp;cid=CSCassino\" target=\"_blank\" rel=\"noopener\" title=\"\">Saber mais<\/a><\/p>\n<\/div>\n\n\n\n<div class=\"wp-block-column is-layout-flow wp-block-column-is-layout-flow\"><div class=\"wp-block-image\">\n<figure class=\"aligncenter size-full is-resized\"><a href=\"https:\/\/betway.com\/bwp\/br-casino-sob\/pt-br?s=wgs27052&amp;a=AFF4195052059123769&amp;utm_source=27052&amp;utm_medium=Affiliate&amp;utm_campaign=AFF4195052059123769Create Link\" target=\"_blank\" rel=\"noreferrer noopener\"><img decoding=\"async\" src=\"https:\/\/www.canalmengao.com\/wp-content\/uploads\/2024\/05\/betway2.jpg\" alt=\"\" class=\"wp-image-814\" style=\"width:214px;height:auto\"\/><\/a><\/figure>\n<\/div>\n\n\n<p class=\"has-text-align-center\">B\u00f4nus at\u00e9 R$4.000<br><a href=\"https:\/\/betway.com\/bwp\/br-casino-sob\/pt-br?s=wgs27052&amp;a=AFF4195052059123769&amp;utm_source=27052&amp;utm_medium=Affiliate&amp;utm_campaign=AFF4195052059123769Create Link\" target=\"_blank\" rel=\"noopener\" title=\"\">Saber mais<\/a><\/p>\n<\/div>\n\n\n\n<div class=\"wp-block-column is-layout-flow wp-block-column-is-layout-flow\"><div class=\"wp-block-image\">\n<figure class=\"aligncenter size-full is-resized\"><a href=\"https:\/\/welcome.toptrendyinc.com\/ad.aspx?pid=90576&amp;bid=1600&amp;redirectURL=https:\/\/22bet.com\/\" target=\"_blank\" rel=\"noreferrer noopener\"><img decoding=\"async\" src=\"https:\/\/www.canalmengao.com\/wp-content\/uploads\/2024\/05\/22bet1.png\" alt=\"\" class=\"wp-image-811\" style=\"width:214px;height:auto\"\/><\/a><\/figure>\n<\/div>\n\n\n<p class=\"has-text-align-center\">B\u00f4nus at\u00e9 R$1.600<br><a href=\"https:\/\/welcome.toptrendyinc.com\/ad.aspx?pid=90576&amp;bid=1600&amp;redirectURL=https:\/\/22bet.com\/\" target=\"_blank\" rel=\"noopener\" title=\"\">Saber mais<\/a><\/p>\n<\/div>\n<\/div>\n\n\n\n<div class=\"wp-block-columns is-layout-flex wp-container-core-columns-is-layout-9d6595d7 wp-block-columns-is-layout-flex\">\n<div class=\"wp-block-column is-layout-flow wp-block-column-is-layout-flow\"><div class=\"wp-block-image\">\n<figure class=\"aligncenter size-full is-resized\"><a href=\"https:\/\/blaze.cxclick.com\/visit\/?bta=35859&amp;brand=blaze&amp;utm_campaign=CSCassino\" target=\"_blank\" rel=\"noreferrer noopener\"><img decoding=\"async\" src=\"https:\/\/www.canalmengao.com\/wp-content\/uploads\/2024\/05\/Blaze2.png\" alt=\"\" class=\"wp-image-816\" style=\"width:213px;height:auto\"\/><\/a><\/figure>\n<\/div>\n\n\n<p class=\"has-text-align-center\">B\u00f4nus at\u00e9 R$1.000 + 40 RG<br><a href=\"https:\/\/blaze.cxclick.com\/visit\/?bta=35859&amp;brand=blaze&amp;utm_campaign=CSCassino\" target=\"_blank\" rel=\"noopener\" title=\"\">Saber mais<\/a><\/p>\n<\/div>\n\n\n\n<div class=\"wp-block-column is-layout-flow wp-block-column-is-layout-flow\"><div class=\"wp-block-image\">\n<figure class=\"aligncenter size-full is-resized\"><a href=\"https:\/\/go.aff.o-affiliates.com\/j0y45n3a?campaign_id=17468&amp;source_id=CSCassino\" target=\"_blank\" rel=\"noreferrer noopener\"><img loading=\"lazy\" decoding=\"async\" width=\"392\" height=\"392\" src=\"https:\/\/www.canalsoberano.com\/wp-content\/uploads\/2024\/08\/MA2.jpg\" alt=\"\" class=\"wp-image-585\" style=\"width:209px;height:auto\" srcset=\"https:\/\/www.canalsoberano.com\/wp-content\/uploads\/2024\/08\/MA2.jpg 392w, https:\/\/www.canalsoberano.com\/wp-content\/uploads\/2024\/08\/MA2-300x300.jpg 300w, https:\/\/www.canalsoberano.com\/wp-content\/uploads\/2024\/08\/MA2-150x150.jpg 150w\" sizes=\"auto, (max-width: 392px) 100vw, 392px\" \/><\/a><\/figure>\n<\/div>\n\n\n<p class=\"has-text-align-center\">100% at\u00e9 R$10.000<br><a href=\"https:\/\/go.aff.o-affiliates.com\/j0y45n3a?campaign_id=17468&amp;source_id=CSCassino\" target=\"_blank\" rel=\"noopener\" title=\"\">Saber mais<\/a><\/p>\n<\/div>\n\n\n\n<div class=\"wp-block-column is-layout-flow wp-block-column-is-layout-flow\"><div class=\"wp-block-image\">\n<figure class=\"aligncenter size-full is-resized\"><a href=\"https:\/\/aff.partners.io\/visit\/?bta=39586&amp;brand=sportsbetio\"><img decoding=\"async\" src=\"https:\/\/www.canalmengao.com\/wp-content\/uploads\/2024\/05\/sportsbet1.png\" alt=\"\" class=\"wp-image-819\" style=\"width:213px;height:auto\"\/><\/a><\/figure>\n<\/div>\n\n\n<p class=\"has-text-align-center\">Sem Oferta<br><a href=\"https:\/\/aff.partners.io\/visit\/?bta=39586&amp;brand=sportsbetio\" target=\"_blank\" rel=\"noopener\" title=\"\">Saber mais<\/a><\/p>\n<\/div>\n<\/div>\n\n\n\n<div class=\"wp-block-columns is-layout-flex wp-container-core-columns-is-layout-9d6595d7 wp-block-columns-is-layout-flex\">\n<div class=\"wp-block-column is-layout-flow wp-block-column-is-layout-flow\"><div class=\"wp-block-image\">\n<figure class=\"aligncenter size-full is-resized\"><a href=\"https:\/\/rec.rivalo.com\/_ptmKouU8TTQxoCT0MZ3VnmNd7ZgqdRLk\/3\/\" target=\"_blank\" rel=\"noreferrer noopener\"><img decoding=\"async\" src=\"https:\/\/www.canalmengao.com\/wp-content\/uploads\/2024\/05\/Rivalo2.png\" alt=\"\" class=\"wp-image-820\" style=\"width:214px;height:auto\"\/><\/a><\/figure>\n<\/div>\n\n\n<p class=\"has-text-align-center\">Sem Oferta<br><a href=\"https:\/\/rec.rivalo.com\/_ptmKouU8TTQxoCT0MZ3VnmNd7ZgqdRLk\/3\/\">Saber mais<\/a><\/p>\n<\/div>\n\n\n\n<div class=\"wp-block-column is-layout-flow wp-block-column-is-layout-flow\"><div class=\"wp-block-image\">\n<figure class=\"aligncenter size-full is-resized\"><a href=\"http:\/\/stake.com\/?c=jslAY1JH\"><img decoding=\"async\" src=\"https:\/\/www.canalmengao.com\/wp-content\/uploads\/2024\/05\/stake1.png\" alt=\"\" class=\"wp-image-821\" style=\"width:209px;height:auto\"\/><\/a><\/figure>\n<\/div>\n\n\n<p class=\"has-text-align-center\">Sem Oferta<br><a href=\"http:\/\/stake.com\/?c=jslAY1JH\" target=\"_blank\" rel=\"noopener\" title=\"\">Saber mais<\/a><\/p>\n<\/div>\n<\/div>\n","protected":false},"excerpt":{"rendered":"<p>B\u00f4nus at\u00e9 R$1.000 + 200 RGSaber mais B\u00f4nus at\u00e9 R$3.500Saber mais B\u00f4nus at\u00e9 R$1.000Saber mais 140% at\u00e9 R$8.200Saber mais B\u00f4nus at\u00e9 R$6.500Saber mais 100% at\u00e9 R$9.500 + 150 FSSaber mais 150% at\u00e9 R$7.500 Saber mais B\u00f4nus at\u00e9 R$4.000Saber mais B\u00f4nus at\u00e9 R$1.600Saber mais B\u00f4nus at\u00e9 R$1.000 + 40 RGSaber mais 100% at\u00e9 R$10.000Saber mais Sem&#8230;<\/p>\n","protected":false},"author":2,"featured_media":0,"parent":419,"menu_order":0,"comment_status":"closed","ping_status":"closed","template":"","meta":{"_uag_custom_page_level_css":"","footnotes":""},"class_list":["post-421","page","type-page","status-publish","hentry"],"aioseo_notices":[],"uagb_featured_image_src":{"full":false,"thumbnail":false,"medium":false,"medium_large":false,"large":false,"1536x1536":false,"2048x2048":false,"trendy-news-featured":false,"trendy-news-list":false,"trendy-news-thumb":false,"trendy-news-small":false,"trendy-news-grid":false},"uagb_author_info":{"display_name":"CS-0","author_link":"https:\/\/www.canalsoberano.com\/?author=2"},"uagb_comment_info":0,"uagb_excerpt":"B\u00f4nus at\u00e9 R$1.000 + 200 RGSaber mais B\u00f4nus at\u00e9 R$3.500Saber mais B\u00f4nus at\u00e9 R$1.000Saber mais 140% at\u00e9 R$8.200Saber mais B\u00f4nus at\u00e9 R$6.500Saber mais 100% at\u00e9 R$9.500 + 150 FSSaber mais 150% at\u00e9 R$7.500 Saber mais B\u00f4nus at\u00e9 R$4.000Saber mais B\u00f4nus at\u00e9 R$1.600Saber mais B\u00f4nus at\u00e9 R$1.000 + 40 RGSaber mais 100% at\u00e9 R$10.000Saber mais Sem...","_links":{"self":[{"href":"https:\/\/www.canalsoberano.com\/index.php?rest_route=\/wp\/v2\/pages\/421","targetHints":{"allow":["GET"]}}],"collection":[{"href":"https:\/\/www.canalsoberano.com\/index.php?rest_route=\/wp\/v2\/pages"}],"about":[{"href":"https:\/\/www.canalsoberano.com\/index.php?rest_route=\/wp\/v2\/types\/page"}],"author":[{"embeddable":true,"href":"https:\/\/www.canalsoberano.com\/index.php?rest_route=\/wp\/v2\/users\/2"}],"replies":[{"embeddable":true,"href":"https:\/\/www.canalsoberano.com\/index.php?rest_route=%2Fwp%2Fv2%2Fcomments&post=421"}],"version-history":[{"count":10,"href":"https:\/\/www.canalsoberano.com\/index.php?rest_route=\/wp\/v2\/pages\/421\/revisions"}],"predecessor-version":[{"id":590,"href":"https:\/\/www.canalsoberano.com\/index.php?rest_route=\/wp\/v2\/pages\/421\/revisions\/590"}],"up":[{"embeddable":true,"href":"https:\/\/www.canalsoberano.com\/index.php?rest_route=\/wp\/v2\/pages\/419"}],"wp:attachment":[{"href":"https:\/\/www.canalsoberano.com\/index.php?rest_route=%2Fwp%2Fv2%2Fmedia&parent=421"}],"curies":[{"name":"wp","href":"https:\/\/api.w.org\/{rel}","templated":true}]}}